{"id":25,"date":"2022-09-05T11:39:00","date_gmt":"2022-09-05T11:39:00","guid":{"rendered":"https:\/\/www.human-touchnologies.de\/wp\/?page_id=25"},"modified":"2023-12-27T12:34:55","modified_gmt":"2023-12-27T12:34:55","slug":"ueber-mich","status":"publish","type":"page","link":"https:\/\/www.human-touchnologies.de\/","title":{"rendered":"Rentner for Rent :-)"},"content":{"rendered":"\n<p>Herzlich willkommen auf meiner Homepage! Mein Name ist Anton Kejr, und ich blicke auf eine langj\u00e4hrige Karriere im IT-Bereich zur\u00fcck, die ihren Anfang bereits Ende der 70er Jahre nahm. Von den Grundlagen bis zu den neuesten Technologien habe ich im Laufe der Jahre ein umfassendes Verst\u00e4ndnis f\u00fcr die IT entwickelt.<\/p>\n\n\n\n<p>Ein Kunde hat meine Rolle in seinem IT-Umfeld treffend beschrieben:<\/p>\n\n\n\n<p><strong>&#8222;Du bist die Allzweckwaffe in Sachen IT. Wenn ich eine Frage habe, rufe ich Dich an.&#8220;<\/strong><\/p>\n\n\n\n<p>Diese R\u00fcckmeldung hat mich besonders gefreut, denn sie spiegelt meine Philosophie wider. Mit einem breiten Erfahrungsschatz in der Entwicklung professioneller, effizienter und qualitativ hochwertiger Software, sowie in der Administration von Servern und Datenbanken, stehe ich Ihnen gerne zur Verf\u00fcgung. Ob PC-Probleme (ohne schrauben:-) ) oder Herausforderungen in anderen IT-Bereichen \u2013 ich habe sie alle gemeistert.<\/p>\n\n\n\n<p>Mein Ziel ist es, Ihnen stets die bestm\u00f6gliche, nutzerfreundliche L\u00f6sung zu bieten. Mit h\u00f6chsten Anspr\u00fcchen an meine Arbeit setze ich mein umfassendes Know-how ein, um jedes Problem, sei es auch noch so klein, zu l\u00f6sen. Jeder Kunde ist f\u00fcr mich wichtig, und ich werde ihn mit Freude und Geduld bestm\u00f6glich unterst\u00fctzen.<\/p>\n\n\n\n<p>Obwohl ich nun in Rente bin, biete ich weiterhin meine freiberuflichen Dienstleistungen an, um meine langj\u00e4hrige Erfahrung und Leidenschaft f\u00fcr die IT mit Ihnen zu teilen. Mein Anliegen ist es nicht, mich zu bereichern, sondern Ihnen ehrlich und kosteng\u00fcnstig zu helfen. <a href=\"mailto:anton@e-wert.de\">Sprechen Sie mich an<\/a>, um mich pers\u00f6nlich kennenzulernen. Ich freue mich darauf, Sie\/Dich zu unterst\u00fctzen. <\/p>\n\n\n\n<p>Euer Anton Kejr.<\/p>\n","protected":false},"excerpt":{"rendered":"<p>Herzlich willkommen auf meiner Homepage! Mein Name ist Anton Kejr, und ich blicke auf eine langj\u00e4hrige Karriere im IT-Bereich zur\u00fcck, die ihren Anfang bereits Ende der 70er Jahre nahm. Von den Grundlagen bis zu den neuesten Technologien habe ich im&#8230;<\/p>\n","protected":false},"author":1,"featured_media":0,"parent":0,"menu_order":0,"comment_status":"closed","ping_status":"closed","template":"","meta":{"footnotes":""},"class_list":["post-25","page","type-page","status-publish","hentry"],"_links":{"self":[{"href":"https:\/\/www.human-touchnologies.de\/index.php?rest_route=\/wp\/v2\/pages\/25","targetHints":{"allow":["GET"]}}],"collection":[{"href":"https:\/\/www.human-touchnologies.de\/index.php?rest_route=\/wp\/v2\/pages"}],"about":[{"href":"https:\/\/www.human-touchnologies.de\/index.php?rest_route=\/wp\/v2\/types\/page"}],"author":[{"embeddable":true,"href":"https:\/\/www.human-touchnologies.de\/index.php?rest_route=\/wp\/v2\/users\/1"}],"replies":[{"embeddable":true,"href":"https:\/\/www.human-touchnologies.de\/index.php?rest_route=%2Fwp%2Fv2%2Fcomments&post=25"}],"version-history":[{"count":4,"href":"https:\/\/www.human-touchnologies.de\/index.php?rest_route=\/wp\/v2\/pages\/25\/revisions"}],"predecessor-version":[{"id":60,"href":"https:\/\/www.human-touchnologies.de\/index.php?rest_route=\/wp\/v2\/pages\/25\/revisions\/60"}],"wp:attachment":[{"href":"https:\/\/www.human-touchnologies.de\/index.php?rest_route=%2Fwp%2Fv2%2Fmedia&parent=25"}],"curies":[{"name":"wp","href":"https:\/\/api.w.org\/{rel}","templated":true}]}}